{"id":253,"date":"2021-03-01T10:47:39","date_gmt":"2021-03-01T09:47:39","guid":{"rendered":"http:\/\/pipoinsilj.cluster020.hosting.ovh.net\/ordinaireextra\/?page_id=253"},"modified":"2025-07-24T20:04:25","modified_gmt":"2025-07-24T18:04:25","slug":"spectacle-de-granita","status":"publish","type":"page","link":"https:\/\/www.ordinaireextra.fr\/index.php\/spectacle-de-granita\/","title":{"rendered":"Spectacle de Granita et le bazar des \u00e9motions"},"content":{"rendered":"<section class=\"wpb-content-wrapper\"><p>[vc_row][vc_column]<div class=\"headings-title\"><div class=\"mb72 mb16 mb-xs-40 text-center\"><h5 style=\"color:#07ba48!important;font-size:30px;line-height:40px;text-transform: uppercase!important;text-shadow:none;font-family:Alegreya;font-weight:400;font-style:normal;\" class=\"widgettitle mb0\">Granita et le bazar des \u00e9motions<\/h5><div style=\"font-size:20px;line-height:25px;text-transform: none!important;text-shadow:none;font-family:Alegreya;font-weight:400;font-style:normal;\" class=\"widgetsubtitle\">une fable po\u00e8tique et \u00e9cologique \u00e0 d\u00e9couvrir en famille<\/div><\/div><\/div>[vc_single_image image=\u00a0\u00bb629&Prime; img_size=\u00a0\u00bb400&#215;600&Prime; alignment=\u00a0\u00bbcenter\u00a0\u00bb style=\u00a0\u00bbvc_box_border\u00a0\u00bb border_color=\u00a0\u00bbgreen\u00a0\u00bb][vc_video link=\u00a0\u00bbhttps:\/\/youtu.be\/f1XwXelJpYg\u00a0\u00bb el_width=\u00a0\u00bb50&Prime; align=\u00a0\u00bbcenter\u00a0\u00bb][\/vc_column][\/vc_row][vc_row][vc_column width=\u00a0\u00bb2\/3&Prime;][vc_column_text]<\/p>\n<div style=\"padding-left: 40px;\">\n<p style=\"padding-left: 40px;\">Granita est une petite fille italienne de 7 ans qui m\u00e8ne une vie paisible et heureuse avec sa grand-m\u00e8re dans la for\u00eat. A\u0300 la mort de celle-ci, Granita retourne chez ses parents en ville. Elle est alors confront\u00e9e a\u0300 un environnement ou\u0300 les \u00e9motions n\u2019ont plus leur place &#8230;. et la for\u00eat non plus\u2026Petit \u00e0 petit, Granita les enfouit dans le sac de l\u2019oubli et perd\u00a0 tout \u00e9clat \u00e0 l&rsquo;ombre de la ville\u2026Mais au d\u00e9tour d&rsquo;un souvenir ,elle revoit le tr\u00e9sor que lui a\u00a0 laiss\u00e9 sa grand-m\u00e8re et part alors\u00a0 \u00e0 sa recherche&#8230;<\/p>\n<p style=\"padding-left: 40px;\">Dans notre enfance, nous avons tous\u00a0 entendu ces petites phrases : \u00ab\u00a0Ne pleure pas, arr\u00eate de rire, tais-toi !\u00a0\u00bbToutes ces phrases nous conditionnent \u00e0 ne pas exprimer nos ressentis &#8230;<\/p>\n<p style=\"padding-left: 40px;\">Comme nous tous, Granita essaie de comprendre et de g\u00e9rer ses \u00e9motions avec la complicit\u00e9 de Giovanna, com\u00e9dienne, et Quentin, musicien. Elle tente alors de tailler son chemin \u00e0 travers son histoire et cherche \u00e0 \u00ab reforester \u00bb la for\u00eat de son enfance.<\/p>\n<p style=\"padding-left: 40px;\">Beaucoup de fra\u00eecheur et de vivacit\u00e9 dans cette exploration onirique o\u00f9 le d\u00e9cor que Granita va parcourir et d\u00e9couvrir avec joie, candeur et gravit\u00e9, est un livre pop-up g\u00e9ant \u2026comme la Vie !<\/p>\n<p style=\"padding-left: 40px;\">Ce spectacle s&rsquo;adresse aux enfants \u00e0 partir de 5 ans et aux familles.<\/p>\n<\/div>\n<p>&nbsp;<\/p>\n<p style=\"padding-left: 80px;\"><span style=\"color: #000000;\"><strong>Charg\u00e9e de diffusion: Isabelle Bringuet 06.15.55.56.80 \/ordinaire.extra.diff@gmail.com<\/strong><\/span><\/p>\n<p>[\/vc_column_text][\/vc_column][vc_column width=\u00a0\u00bb1\/3&Prime;][vc_column_text]<\/p>\n<h6 class=\"_04xlpA direction-ltr align-center para-style-body\" style=\"text-align: left;\"><span style=\"color: #000000;\"><strong><span class=\"JsGRdQ\">Interpr\u00e9tation et \u00e9criture :<\/span> <\/strong><span class=\"JsGRdQ\">Giovanna Merlin<\/span><\/span><\/h6>\n<h6 class=\"_04xlpA direction-ltr align-center para-style-body\" style=\"text-align: left;\"><span style=\"color: #000000;\"><strong><span class=\"JsGRdQ\">Composition et univers musical :<\/span><\/strong> <span class=\"JsGRdQ\">Quentin Daniel<\/span><\/span><\/h6>\n<h6 class=\"_04xlpA direction-ltr align-center para-style-body\" style=\"text-align: left;\"><span style=\"color: #000000;\"><strong><span class=\"JsGRdQ\">Mise en sc\u00e8ne et \u00e9criture :<\/span><\/strong> <span class=\"JsGRdQ\">Sarah Carlini<\/span><\/span><\/h6>\n<h6 class=\"_04xlpA direction-ltr align-center para-style-body\" style=\"text-align: left;\"><span style=\"color: #000000;\"><strong>Conception\u00a0 du livre pop-up :<\/strong> Fran\u00e7oise Lannes et Giovanna Merlin<\/span><\/h6>\n<h6><span style=\"color: #000000;\"><strong>Conception graphique-photos<\/strong> : Matthieu Pouchin<\/span><\/h6>\n<p style=\"text-align: left;\"><span style=\"color: #000000;\"><strong>Accueil en r\u00e9sidence et soutien\u00a0 :<\/strong><\/span><br \/>\n<span style=\"color: #000000;\">Mairie de Salvagnac (81) <\/span><br \/>\n<span style=\"color: #000000;\">Maison du Peuple \u00e0 Millau (12)<\/span><br \/>\n<span style=\"color: #000000;\">MJC de Gaillac (81)<\/span><br \/>\n<span style=\"color: #000000;\">La Laiterie Fabrique artistique \u00e0 St Ju\u00e9ry (81)<\/span><br \/>\n<span style=\"color: #000000;\">Th\u00e9\u00e2tre de la Doline \u00e0 Millau (12)<\/span><br \/>\n<span style=\"color: #000000;\">Lumen&amp;Co \u00e0 Salvagnac (81)<\/span><\/p>\n<p><strong><span style=\"color: #000000;\">Aide \u00e0 la diffusion:\u00a0 <\/span><\/strong><span style=\"color: #000000;\">D\u00e9partement du Tarn avec le dispositif\u00a0 \u00ab\u00a0<\/span><span style=\"color: #000000;\">Tarn en sc\u00e8ne\u00a0\u00bb ( Dispositif d\u00e9partemental d&rsquo;aide \u00e0 la diffusion <\/span>2023-2028 )[\/vc_column_text]<div class=\"\"><a  id=\"btn-69e5905700956\" class=\"btn btn-filled  ti-hand-point-right  btn-sm-sm\" href= \"https:\/\/www.ordinaireextra.fr\/wp-content\/uploads\/2024\/12\/Dossier-de-diffusion-Granita-et-le-bazard-des-emotions-Cie-Ordinaire-extra-Dernier.pdf\" target=\"_self\" >T\u00e9l\u00e9charger le dossier<\/a><\/div>[\/vc_column][\/vc_row][vc_row][vc_column width=\u00a0\u00bb1\/3&Prime;][vc_single_image image=\u00a0\u00bb552&Prime; img_size=\u00a0\u00bblarge\u00a0\u00bb][\/vc_column][vc_column width=\u00a0\u00bb1\/3&Prime;][vc_single_image image=\u00a0\u00bb544&Prime; img_size=\u00a0\u00bblarge\u00a0\u00bb][\/vc_column][vc_column width=\u00a0\u00bb1\/3&Prime;][vc_single_image image=\u00a0\u00bb550&Prime; img_size=\u00a0\u00bblarge\u00a0\u00bb][\/vc_column][\/vc_row]<\/p>\n<\/section>","protected":false},"excerpt":{"rendered":"<p>[vc_row][vc_column][vc_single_image image=\u00a0\u00bb629&Prime; img_size=\u00a0\u00bb400&#215;600&Prime; alignment=\u00a0\u00bbcenter\u00a0\u00bb style=\u00a0\u00bbvc_box_border\u00a0\u00bb border_color=\u00a0\u00bbgreen\u00a0\u00bb][vc_video link=\u00a0\u00bbhttps:\/\/youtu.be\/f1XwXelJpYg\u00a0\u00bb el_width=\u00a0\u00bb50&Prime; align=\u00a0\u00bbcenter\u00a0\u00bb][\/vc_column][\/vc_row][vc_row][vc_column width=\u00a0\u00bb2\/3&Prime;][vc_column_text] Granita est une petite fille italienne&#8230;<\/p>\n","protected":false},"author":1,"featured_media":0,"parent":0,"menu_order":0,"comment_status":"closed","ping_status":"closed","template":"","meta":{"footnotes":""},"class_list":["post-253","page","type-page","status-publish","hentry"],"yoast_head":"<!-- This site is optimized with the Yoast SEO plugin v27.2 - https:\/\/yoast.com\/product\/yoast-seo-wordpress\/ -->\n<title>Spectacle de Granita et le bazar des \u00e9motions - Ordinaire extra<\/title>\n<meta name=\"robots\" content=\"index, follow, max-snippet:-1, max-image-preview:large, max-video-preview:-1\" \/>\n<link rel=\"canonical\" href=\"https:\/\/www.ordinaireextra.fr\/index.php\/spectacle-de-granita\/\" \/>\n<meta property=\"og:locale\" content=\"fr_FR\" \/>\n<meta property=\"og:type\" content=\"article\" \/>\n<meta property=\"og:title\" content=\"Spectacle de Granita et le bazar des \u00e9motions - Ordinaire extra\" \/>\n<meta property=\"og:description\" content=\"[vc_row][vc_column][vc_single_image image=\u00a0\u00bb629&Prime; img_size=\u00a0\u00bb400&#215;600&Prime; alignment=\u00a0\u00bbcenter\u00a0\u00bb style=\u00a0\u00bbvc_box_border\u00a0\u00bb border_color=\u00a0\u00bbgreen\u00a0\u00bb][vc_video link=\u00a0\u00bbhttps:\/\/youtu.be\/f1XwXelJpYg\u00a0\u00bb el_width=\u00a0\u00bb50&Prime; align=\u00a0\u00bbcenter\u00a0\u00bb][\/vc_column][\/vc_row][vc_row][vc_column width=\u00a0\u00bb2\/3&Prime;][vc_column_text] Granita est une petite fille italienne...\" \/>\n<meta property=\"og:url\" content=\"https:\/\/www.ordinaireextra.fr\/index.php\/spectacle-de-granita\/\" \/>\n<meta property=\"og:site_name\" content=\"Ordinaire extra\" \/>\n<meta property=\"article:modified_time\" content=\"2025-07-24T18:04:25+00:00\" \/>\n<meta name=\"twitter:card\" content=\"summary_large_image\" \/>\n<meta name=\"twitter:label1\" content=\"Dur\u00e9e de lecture estim\u00e9e\" \/>\n\t<meta name=\"twitter:data1\" content=\"3 minutes\" \/>\n<script type=\"application\/ld+json\" class=\"yoast-schema-graph\">{\"@context\":\"https:\/\/schema.org\",\"@graph\":[{\"@type\":\"WebPage\",\"@id\":\"https:\/\/www.ordinaireextra.fr\/index.php\/spectacle-de-granita\/\",\"url\":\"https:\/\/www.ordinaireextra.fr\/index.php\/spectacle-de-granita\/\",\"name\":\"Spectacle de Granita et le bazar des \u00e9motions - Ordinaire extra\",\"isPartOf\":{\"@id\":\"https:\/\/www.ordinaireextra.fr\/#website\"},\"datePublished\":\"2021-03-01T09:47:39+00:00\",\"dateModified\":\"2025-07-24T18:04:25+00:00\",\"breadcrumb\":{\"@id\":\"https:\/\/www.ordinaireextra.fr\/index.php\/spectacle-de-granita\/#breadcrumb\"},\"inLanguage\":\"fr-FR\",\"potentialAction\":[{\"@type\":\"ReadAction\",\"target\":[\"https:\/\/www.ordinaireextra.fr\/index.php\/spectacle-de-granita\/\"]}]},{\"@type\":\"BreadcrumbList\",\"@id\":\"https:\/\/www.ordinaireextra.fr\/index.php\/spectacle-de-granita\/#breadcrumb\",\"itemListElement\":[{\"@type\":\"ListItem\",\"position\":1,\"name\":\"Accueil\",\"item\":\"https:\/\/www.ordinaireextra.fr\/\"},{\"@type\":\"ListItem\",\"position\":2,\"name\":\"Spectacle de Granita et le bazar des \u00e9motions\"}]},{\"@type\":\"WebSite\",\"@id\":\"https:\/\/www.ordinaireextra.fr\/#website\",\"url\":\"https:\/\/www.ordinaireextra.fr\/\",\"name\":\"Ordinaire extra\",\"description\":\"Quand l&#039;ordinaire devient extra !\",\"potentialAction\":[{\"@type\":\"SearchAction\",\"target\":{\"@type\":\"EntryPoint\",\"urlTemplate\":\"https:\/\/www.ordinaireextra.fr\/?s={search_term_string}\"},\"query-input\":{\"@type\":\"PropertyValueSpecification\",\"valueRequired\":true,\"valueName\":\"search_term_string\"}}],\"inLanguage\":\"fr-FR\"}]}<\/script>\n<!-- \/ Yoast SEO plugin. -->","yoast_head_json":{"title":"Spectacle de Granita et le bazar des \u00e9motions - Ordinaire extra","robots":{"index":"index","follow":"follow","max-snippet":"max-snippet:-1","max-image-preview":"max-image-preview:large","max-video-preview":"max-video-preview:-1"},"canonical":"https:\/\/www.ordinaireextra.fr\/index.php\/spectacle-de-granita\/","og_locale":"fr_FR","og_type":"article","og_title":"Spectacle de Granita et le bazar des \u00e9motions - Ordinaire extra","og_description":"[vc_row][vc_column][vc_single_image image=\u00a0\u00bb629&Prime; img_size=\u00a0\u00bb400&#215;600&Prime; alignment=\u00a0\u00bbcenter\u00a0\u00bb style=\u00a0\u00bbvc_box_border\u00a0\u00bb border_color=\u00a0\u00bbgreen\u00a0\u00bb][vc_video link=\u00a0\u00bbhttps:\/\/youtu.be\/f1XwXelJpYg\u00a0\u00bb el_width=\u00a0\u00bb50&Prime; align=\u00a0\u00bbcenter\u00a0\u00bb][\/vc_column][\/vc_row][vc_row][vc_column width=\u00a0\u00bb2\/3&Prime;][vc_column_text] Granita est une petite fille italienne...","og_url":"https:\/\/www.ordinaireextra.fr\/index.php\/spectacle-de-granita\/","og_site_name":"Ordinaire extra","article_modified_time":"2025-07-24T18:04:25+00:00","twitter_card":"summary_large_image","twitter_misc":{"Dur\u00e9e de lecture estim\u00e9e":"3 minutes"},"schema":{"@context":"https:\/\/schema.org","@graph":[{"@type":"WebPage","@id":"https:\/\/www.ordinaireextra.fr\/index.php\/spectacle-de-granita\/","url":"https:\/\/www.ordinaireextra.fr\/index.php\/spectacle-de-granita\/","name":"Spectacle de Granita et le bazar des \u00e9motions - Ordinaire extra","isPartOf":{"@id":"https:\/\/www.ordinaireextra.fr\/#website"},"datePublished":"2021-03-01T09:47:39+00:00","dateModified":"2025-07-24T18:04:25+00:00","breadcrumb":{"@id":"https:\/\/www.ordinaireextra.fr\/index.php\/spectacle-de-granita\/#breadcrumb"},"inLanguage":"fr-FR","potentialAction":[{"@type":"ReadAction","target":["https:\/\/www.ordinaireextra.fr\/index.php\/spectacle-de-granita\/"]}]},{"@type":"BreadcrumbList","@id":"https:\/\/www.ordinaireextra.fr\/index.php\/spectacle-de-granita\/#breadcrumb","itemListElement":[{"@type":"ListItem","position":1,"name":"Accueil","item":"https:\/\/www.ordinaireextra.fr\/"},{"@type":"ListItem","position":2,"name":"Spectacle de Granita et le bazar des \u00e9motions"}]},{"@type":"WebSite","@id":"https:\/\/www.ordinaireextra.fr\/#website","url":"https:\/\/www.ordinaireextra.fr\/","name":"Ordinaire extra","description":"Quand l&#039;ordinaire devient extra !","potentialAction":[{"@type":"SearchAction","target":{"@type":"EntryPoint","urlTemplate":"https:\/\/www.ordinaireextra.fr\/?s={search_term_string}"},"query-input":{"@type":"PropertyValueSpecification","valueRequired":true,"valueName":"search_term_string"}}],"inLanguage":"fr-FR"}]}},"_links":{"self":[{"href":"https:\/\/www.ordinaireextra.fr\/index.php\/wp-json\/wp\/v2\/pages\/253","targetHints":{"allow":["GET"]}}],"collection":[{"href":"https:\/\/www.ordinaireextra.fr\/index.php\/wp-json\/wp\/v2\/pages"}],"about":[{"href":"https:\/\/www.ordinaireextra.fr\/index.php\/wp-json\/wp\/v2\/types\/page"}],"author":[{"embeddable":true,"href":"https:\/\/www.ordinaireextra.fr\/index.php\/wp-json\/wp\/v2\/users\/1"}],"replies":[{"embeddable":true,"href":"https:\/\/www.ordinaireextra.fr\/index.php\/wp-json\/wp\/v2\/comments?post=253"}],"version-history":[{"count":48,"href":"https:\/\/www.ordinaireextra.fr\/index.php\/wp-json\/wp\/v2\/pages\/253\/revisions"}],"predecessor-version":[{"id":822,"href":"https:\/\/www.ordinaireextra.fr\/index.php\/wp-json\/wp\/v2\/pages\/253\/revisions\/822"}],"wp:attachment":[{"href":"https:\/\/www.ordinaireextra.fr\/index.php\/wp-json\/wp\/v2\/media?parent=253"}],"curies":[{"name":"wp","href":"https:\/\/api.w.org\/{rel}","templated":true}]}}