{"id":274,"date":"2021-03-01T11:25:06","date_gmt":"2021-03-01T10:25:06","guid":{"rendered":"http:\/\/pipoinsilj.cluster020.hosting.ovh.net\/ordinaireextra\/?page_id=274"},"modified":"2021-06-28T17:22:06","modified_gmt":"2021-06-28T15:22:06","slug":"la-balle-de-cristelle","status":"publish","type":"page","link":"https:\/\/www.ordinaireextra.fr\/index.php\/la-balle-de-cristelle\/","title":{"rendered":"La boule de christelle"},"content":{"rendered":"<section class=\"wpb-content-wrapper\"><p>[vc_row][vc_column]<div class=\"headings-title\"><div class=\"mb72 mb16 mb-xs-40 text-center\"><h5  class=\"widgettitle mb0\">La boule de christelle<\/h5><\/div><\/div>[vc_video link=\u00a0\u00bbhttps:\/\/youtu.be\/FGOmxKQEpSY\u00a0\u00bb][vc_row_inner][vc_column_inner width=\u00a0\u00bb1\/3&Prime;][vc_single_image image=\u00a0\u00bb348&Prime; img_size=\u00a0\u00bbfull\u00a0\u00bb][\/vc_column_inner][vc_column_inner width=\u00a0\u00bb1\/3&Prime;][vc_single_image image=\u00a0\u00bb349&Prime; img_size=\u00a0\u00bbfull\u00a0\u00bb][\/vc_column_inner][vc_column_inner width=\u00a0\u00bb1\/3&Prime;][vc_single_image image=\u00a0\u00bb350&Prime; img_size=\u00a0\u00bbfull\u00a0\u00bb][\/vc_column_inner][\/vc_row_inner][\/vc_column][\/vc_row][vc_row][vc_column width=\u00a0\u00bb2\/3&Prime;][vc_column_text]Num\u00e9ro technique de balle contact d&rsquo;une dur\u00e9e de 4 minutes environ, la musique peut s&rsquo;adapter \u00e0 l&rsquo;\u00e9v\u00e8nement, possibilit\u00e9 d&rsquo;avoir un musicien live.[\/vc_column_text][\/vc_column][vc_column width=\u00a0\u00bb1\/3&Prime;][vc_column_text]<strong>Jeu<\/strong>: Giovanna Merlin<br \/>\n<strong>Regard ext\u00e9rieur<\/strong>: Elodie Brunet<br \/>\n<strong>Dur\u00e9e<\/strong>: 4 minutes[\/vc_column_text][\/vc_column][\/vc_row]<\/p>\n<\/section>","protected":false},"excerpt":{"rendered":"<p>[vc_row][vc_column][vc_video link=\u00a0\u00bbhttps:\/\/youtu.be\/FGOmxKQEpSY\u00a0\u00bb][vc_row_inner][vc_column_inner width=\u00a0\u00bb1\/3&Prime;][vc_single_image image=\u00a0\u00bb348&Prime; img_size=\u00a0\u00bbfull\u00a0\u00bb][\/vc_column_inner][vc_column_inner width=\u00a0\u00bb1\/3&Prime;][vc_single_image image=\u00a0\u00bb349&Prime; img_size=\u00a0\u00bbfull\u00a0\u00bb][\/vc_column_inner][vc_column_inner width=\u00a0\u00bb1\/3&Prime;][vc_single_image image=\u00a0\u00bb350&Prime; img_size=\u00a0\u00bbfull\u00a0\u00bb][\/vc_column_inner][\/vc_row_inner][\/vc_column][\/vc_row][vc_row][vc_column width=\u00a0\u00bb2\/3&Prime;][vc_column_text]Num\u00e9ro technique de balle contact&#8230;<\/p>\n","protected":false},"author":1,"featured_media":381,"parent":0,"menu_order":0,"comment_status":"closed","ping_status":"closed","template":"","meta":{"footnotes":""},"class_list":["post-274","page","type-page","status-publish","has-post-thumbnail","hentry"],"yoast_head":"<!-- This site is optimized with the Yoast SEO plugin v27.2 - https:\/\/yoast.com\/product\/yoast-seo-wordpress\/ -->\n<title>La boule de christelle - Ordinaire extra<\/title>\n<meta name=\"robots\" content=\"index, follow, max-snippet:-1, max-image-preview:large, max-video-preview:-1\" \/>\n<link rel=\"canonical\" href=\"https:\/\/www.ordinaireextra.fr\/index.php\/la-balle-de-cristelle\/\" \/>\n<meta property=\"og:locale\" content=\"fr_FR\" \/>\n<meta property=\"og:type\" content=\"article\" \/>\n<meta property=\"og:title\" content=\"La boule de christelle - Ordinaire extra\" \/>\n<meta property=\"og:description\" content=\"[vc_row][vc_column][vc_video link=\u00a0\u00bbhttps:\/\/youtu.be\/FGOmxKQEpSY\u00a0\u00bb][vc_row_inner][vc_column_inner width=\u00a0\u00bb1\/3&Prime;][vc_single_image image=\u00a0\u00bb348&Prime; img_size=\u00a0\u00bbfull\u00a0\u00bb][\/vc_column_inner][vc_column_inner width=\u00a0\u00bb1\/3&Prime;][vc_single_image image=\u00a0\u00bb349&Prime; img_size=\u00a0\u00bbfull\u00a0\u00bb][\/vc_column_inner][vc_column_inner width=\u00a0\u00bb1\/3&Prime;][vc_single_image image=\u00a0\u00bb350&Prime; img_size=\u00a0\u00bbfull\u00a0\u00bb][\/vc_column_inner][\/vc_row_inner][\/vc_column][\/vc_row][vc_row][vc_column width=\u00a0\u00bb2\/3&Prime;][vc_column_text]Num\u00e9ro technique de balle contact...\" \/>\n<meta property=\"og:url\" content=\"https:\/\/www.ordinaireextra.fr\/index.php\/la-balle-de-cristelle\/\" \/>\n<meta property=\"og:site_name\" content=\"Ordinaire extra\" \/>\n<meta property=\"article:modified_time\" content=\"2021-06-28T15:22:06+00:00\" \/>\n<meta property=\"og:image\" content=\"https:\/\/www.ordinaireextra.fr\/wp-content\/uploads\/2021\/05\/C0006.MP4.23_01_44_24.Still002-scaled.jpg\" \/>\n\t<meta property=\"og:image:width\" content=\"2560\" \/>\n\t<meta property=\"og:image:height\" content=\"1440\" \/>\n\t<meta property=\"og:image:type\" content=\"image\/jpeg\" \/>\n<meta name=\"twitter:card\" content=\"summary_large_image\" \/>\n<meta name=\"twitter:label1\" content=\"Dur\u00e9e de lecture estim\u00e9e\" \/>\n\t<meta name=\"twitter:data1\" content=\"1 minute\" \/>\n<script type=\"application\/ld+json\" class=\"yoast-schema-graph\">{\"@context\":\"https:\/\/schema.org\",\"@graph\":[{\"@type\":\"WebPage\",\"@id\":\"https:\/\/www.ordinaireextra.fr\/index.php\/la-balle-de-cristelle\/\",\"url\":\"https:\/\/www.ordinaireextra.fr\/index.php\/la-balle-de-cristelle\/\",\"name\":\"La boule de christelle - Ordinaire extra\",\"isPartOf\":{\"@id\":\"https:\/\/www.ordinaireextra.fr\/#website\"},\"primaryImageOfPage\":{\"@id\":\"https:\/\/www.ordinaireextra.fr\/index.php\/la-balle-de-cristelle\/#primaryimage\"},\"image\":{\"@id\":\"https:\/\/www.ordinaireextra.fr\/index.php\/la-balle-de-cristelle\/#primaryimage\"},\"thumbnailUrl\":\"https:\/\/www.ordinaireextra.fr\/wp-content\/uploads\/2021\/05\/C0006.MP4.23_01_44_24.Still002-scaled.jpg\",\"datePublished\":\"2021-03-01T10:25:06+00:00\",\"dateModified\":\"2021-06-28T15:22:06+00:00\",\"breadcrumb\":{\"@id\":\"https:\/\/www.ordinaireextra.fr\/index.php\/la-balle-de-cristelle\/#breadcrumb\"},\"inLanguage\":\"fr-FR\",\"potentialAction\":[{\"@type\":\"ReadAction\",\"target\":[\"https:\/\/www.ordinaireextra.fr\/index.php\/la-balle-de-cristelle\/\"]}]},{\"@type\":\"ImageObject\",\"inLanguage\":\"fr-FR\",\"@id\":\"https:\/\/www.ordinaireextra.fr\/index.php\/la-balle-de-cristelle\/#primaryimage\",\"url\":\"https:\/\/www.ordinaireextra.fr\/wp-content\/uploads\/2021\/05\/C0006.MP4.23_01_44_24.Still002-scaled.jpg\",\"contentUrl\":\"https:\/\/www.ordinaireextra.fr\/wp-content\/uploads\/2021\/05\/C0006.MP4.23_01_44_24.Still002-scaled.jpg\",\"width\":2560,\"height\":1440},{\"@type\":\"BreadcrumbList\",\"@id\":\"https:\/\/www.ordinaireextra.fr\/index.php\/la-balle-de-cristelle\/#breadcrumb\",\"itemListElement\":[{\"@type\":\"ListItem\",\"position\":1,\"name\":\"Accueil\",\"item\":\"https:\/\/www.ordinaireextra.fr\/\"},{\"@type\":\"ListItem\",\"position\":2,\"name\":\"La boule de christelle\"}]},{\"@type\":\"WebSite\",\"@id\":\"https:\/\/www.ordinaireextra.fr\/#website\",\"url\":\"https:\/\/www.ordinaireextra.fr\/\",\"name\":\"Ordinaire extra\",\"description\":\"Quand l&#039;ordinaire devient extra !\",\"potentialAction\":[{\"@type\":\"SearchAction\",\"target\":{\"@type\":\"EntryPoint\",\"urlTemplate\":\"https:\/\/www.ordinaireextra.fr\/?s={search_term_string}\"},\"query-input\":{\"@type\":\"PropertyValueSpecification\",\"valueRequired\":true,\"valueName\":\"search_term_string\"}}],\"inLanguage\":\"fr-FR\"}]}<\/script>\n<!-- \/ Yoast SEO plugin. -->","yoast_head_json":{"title":"La boule de christelle - Ordinaire extra","robots":{"index":"index","follow":"follow","max-snippet":"max-snippet:-1","max-image-preview":"max-image-preview:large","max-video-preview":"max-video-preview:-1"},"canonical":"https:\/\/www.ordinaireextra.fr\/index.php\/la-balle-de-cristelle\/","og_locale":"fr_FR","og_type":"article","og_title":"La boule de christelle - Ordinaire extra","og_description":"[vc_row][vc_column][vc_video link=\u00a0\u00bbhttps:\/\/youtu.be\/FGOmxKQEpSY\u00a0\u00bb][vc_row_inner][vc_column_inner width=\u00a0\u00bb1\/3&Prime;][vc_single_image image=\u00a0\u00bb348&Prime; img_size=\u00a0\u00bbfull\u00a0\u00bb][\/vc_column_inner][vc_column_inner width=\u00a0\u00bb1\/3&Prime;][vc_single_image image=\u00a0\u00bb349&Prime; img_size=\u00a0\u00bbfull\u00a0\u00bb][\/vc_column_inner][vc_column_inner width=\u00a0\u00bb1\/3&Prime;][vc_single_image image=\u00a0\u00bb350&Prime; img_size=\u00a0\u00bbfull\u00a0\u00bb][\/vc_column_inner][\/vc_row_inner][\/vc_column][\/vc_row][vc_row][vc_column width=\u00a0\u00bb2\/3&Prime;][vc_column_text]Num\u00e9ro technique de balle contact...","og_url":"https:\/\/www.ordinaireextra.fr\/index.php\/la-balle-de-cristelle\/","og_site_name":"Ordinaire extra","article_modified_time":"2021-06-28T15:22:06+00:00","og_image":[{"width":2560,"height":1440,"url":"https:\/\/www.ordinaireextra.fr\/wp-content\/uploads\/2021\/05\/C0006.MP4.23_01_44_24.Still002-scaled.jpg","type":"image\/jpeg"}],"twitter_card":"summary_large_image","twitter_misc":{"Dur\u00e9e de lecture estim\u00e9e":"1 minute"},"schema":{"@context":"https:\/\/schema.org","@graph":[{"@type":"WebPage","@id":"https:\/\/www.ordinaireextra.fr\/index.php\/la-balle-de-cristelle\/","url":"https:\/\/www.ordinaireextra.fr\/index.php\/la-balle-de-cristelle\/","name":"La boule de christelle - Ordinaire extra","isPartOf":{"@id":"https:\/\/www.ordinaireextra.fr\/#website"},"primaryImageOfPage":{"@id":"https:\/\/www.ordinaireextra.fr\/index.php\/la-balle-de-cristelle\/#primaryimage"},"image":{"@id":"https:\/\/www.ordinaireextra.fr\/index.php\/la-balle-de-cristelle\/#primaryimage"},"thumbnailUrl":"https:\/\/www.ordinaireextra.fr\/wp-content\/uploads\/2021\/05\/C0006.MP4.23_01_44_24.Still002-scaled.jpg","datePublished":"2021-03-01T10:25:06+00:00","dateModified":"2021-06-28T15:22:06+00:00","breadcrumb":{"@id":"https:\/\/www.ordinaireextra.fr\/index.php\/la-balle-de-cristelle\/#breadcrumb"},"inLanguage":"fr-FR","potentialAction":[{"@type":"ReadAction","target":["https:\/\/www.ordinaireextra.fr\/index.php\/la-balle-de-cristelle\/"]}]},{"@type":"ImageObject","inLanguage":"fr-FR","@id":"https:\/\/www.ordinaireextra.fr\/index.php\/la-balle-de-cristelle\/#primaryimage","url":"https:\/\/www.ordinaireextra.fr\/wp-content\/uploads\/2021\/05\/C0006.MP4.23_01_44_24.Still002-scaled.jpg","contentUrl":"https:\/\/www.ordinaireextra.fr\/wp-content\/uploads\/2021\/05\/C0006.MP4.23_01_44_24.Still002-scaled.jpg","width":2560,"height":1440},{"@type":"BreadcrumbList","@id":"https:\/\/www.ordinaireextra.fr\/index.php\/la-balle-de-cristelle\/#breadcrumb","itemListElement":[{"@type":"ListItem","position":1,"name":"Accueil","item":"https:\/\/www.ordinaireextra.fr\/"},{"@type":"ListItem","position":2,"name":"La boule de christelle"}]},{"@type":"WebSite","@id":"https:\/\/www.ordinaireextra.fr\/#website","url":"https:\/\/www.ordinaireextra.fr\/","name":"Ordinaire extra","description":"Quand l&#039;ordinaire devient extra !","potentialAction":[{"@type":"SearchAction","target":{"@type":"EntryPoint","urlTemplate":"https:\/\/www.ordinaireextra.fr\/?s={search_term_string}"},"query-input":{"@type":"PropertyValueSpecification","valueRequired":true,"valueName":"search_term_string"}}],"inLanguage":"fr-FR"}]}},"_links":{"self":[{"href":"https:\/\/www.ordinaireextra.fr\/index.php\/wp-json\/wp\/v2\/pages\/274","targetHints":{"allow":["GET"]}}],"collection":[{"href":"https:\/\/www.ordinaireextra.fr\/index.php\/wp-json\/wp\/v2\/pages"}],"about":[{"href":"https:\/\/www.ordinaireextra.fr\/index.php\/wp-json\/wp\/v2\/types\/page"}],"author":[{"embeddable":true,"href":"https:\/\/www.ordinaireextra.fr\/index.php\/wp-json\/wp\/v2\/users\/1"}],"replies":[{"embeddable":true,"href":"https:\/\/www.ordinaireextra.fr\/index.php\/wp-json\/wp\/v2\/comments?post=274"}],"version-history":[{"count":9,"href":"https:\/\/www.ordinaireextra.fr\/index.php\/wp-json\/wp\/v2\/pages\/274\/revisions"}],"predecessor-version":[{"id":392,"href":"https:\/\/www.ordinaireextra.fr\/index.php\/wp-json\/wp\/v2\/pages\/274\/revisions\/392"}],"wp:featuredmedia":[{"embeddable":true,"href":"https:\/\/www.ordinaireextra.fr\/index.php\/wp-json\/wp\/v2\/media\/381"}],"wp:attachment":[{"href":"https:\/\/www.ordinaireextra.fr\/index.php\/wp-json\/wp\/v2\/media?parent=274"}],"curies":[{"name":"wp","href":"https:\/\/api.w.org\/{rel}","templated":true}]}}